{"id":92782,"date":"2024-04-29T22:36:33","date_gmt":"2024-04-29T20:36:33","guid":{"rendered":"https:\/\/easywithus.si\/?page_id=92782"},"modified":"2024-07-26T06:29:36","modified_gmt":"2024-07-26T04:29:36","slug":"splosni-pogoji","status":"publish","type":"page","link":"https:\/\/easywithus.si\/en\/splosni-pogoji\/","title":{"rendered":"Terms and Conditions"},"content":{"rendered":"<div data-elementor-type=\"wp-page\" data-elementor-id=\"92782\" class=\"elementor elementor-92782\">\n\t\t\t\t<div class=\"elementor-element elementor-element-100436d e-flex e-con-boxed e-con e-parent\" data-id=\"100436d\" data-element_type=\"container\">\n\t\t\t\t\t<div class=\"e-con-inner\">\n\t\t\t\t<div class=\"elementor-element elementor-element-50f1b6e elementor-widget elementor-widget-spacer\" data-id=\"50f1b6e\" data-element_type=\"widget\" data-widget_type=\"spacer.default\">\n\t\t\t\t<div class=\"elementor-widget-container\">\n\t\t\t\t\t\t\t<div class=\"elementor-spacer\">\n\t\t\t<div class=\"elementor-spacer-inner\"><\/div>\n\t\t<\/div>\n\t\t\t\t\t\t<\/div>\n\t\t\t\t<\/div>\n\t\t\t\t<div class=\"elementor-element elementor-element-c77ad85 elementor-widget elementor-widget-heading\" data-id=\"c77ad85\" data-element_type=\"widget\" data-widget_type=\"heading.default\">\n\t\t\t\t<div class=\"elementor-widget-container\">\n\t\t\t\t\t<h1 class=\"elementor-heading-title elementor-size-default\">SPLO\u0160NI POGOJI<br>ZA PREVOZ OSEB<\/h1>\t\t\t\t<\/div>\n\t\t\t\t<\/div>\n\t\t\t\t\t<\/div>\n\t\t\t\t<\/div>\n\t\t<div class=\"elementor-element elementor-element-cd891db e-flex e-con-boxed e-con e-parent\" data-id=\"cd891db\" data-element_type=\"container\">\n\t\t\t\t\t<div class=\"e-con-inner\">\n\t\t\t\t<div class=\"elementor-element elementor-element-00f0c96 elementor-widget elementor-widget-text-editor\" data-id=\"00f0c96\" data-element_type=\"widget\" data-widget_type=\"text-editor.default\">\n\t\t\t\t<div class=\"elementor-widget-container\">\n\t\t\t\t\t\t\t\t\t<p><strong>\u00a0<\/strong><\/p><p>Izvajalec storitev je podjetja <strong>\u00a0Veni vidi vici d.o.o. <\/strong>s sede\u017eem na <strong>\u0160tihova ulica 13, 1000 Ljubljana<\/strong> (v nadaljevanju besedila kot izvajalec).<\/p><ol><li><strong>UVODNA DOLO\u010cILA<\/strong><\/li><\/ol><ul><li>Izvajalec izvaja storitve z vozili po veljavnih predpisih, ki urejajo podro\u010dje storitev. Skladno s tem izda splo\u0161ne pogoje storitev, ki so temelj sleherne storitve.<\/li><li>Izvajalec <strong>ne opravlja prevozov mladoletnih oseb brez spremstva<\/strong> ali pooblastila skrbnika. Ravno tako ne izvaja prevoza \u017eivali brez spremstva.<\/li><\/ul><p><strong>\u00a0<\/strong><\/p><ol start=\"2\"><li><strong> UPORABNIK STORITEV<\/strong><\/li><\/ol><p>Uporabnik storitev je pogodbena stranka, naro\u010dnik storitve iz ponudbe izvajalca. Uporabnik storitve je hkrati pla\u010dnik storitve, ki storitev uporablja zase ali v spremstvu svojih sopotnikov. Uporabnik storitve prevoza koristi kapacitete vozila skladno s specifikacijo navedeno v teh splo\u0161nih pogojih. Izvajalec ni obvezen nuditi storitev nikomur, ki ne sogla\u0161a s temi splo\u0161nimi pogoji.<\/p><p><strong>\u00a0<\/strong><\/p><ol start=\"3\"><li><strong> REZERVACIJA IN PLA\u010cILO<\/strong><\/li><\/ol><p>Pla\u010dilo storitve se opravi po predra\u010dunu. Spisek potnikov in kontaktna \u0161tevilka je obvezni sestavni del naro\u010dila.<\/p><p>Pla\u010dilo in rezervacija vo\u017enje se opravi po avansnem ra\u010dunu za 30% od vrednosti vo\u017enje. Pla\u010dilni rok vo\u017enje je 7 dni pred dnevom odhoda ali po dogovoru s posameznim partnerjem. Potrditev rezervacije sprejemamo najkasneje 14 dni pred odhodom, pisno na elektronski naslov: <strong>info@easywithus.si<\/strong><\/p><p>Rezervacije storitev so veljavne le tiste, ki jih izvajalec potrdi. Potrjena rezervacija vsebuje potrditev zahtevanega termina in lokacije vstopa oziroma za\u010detka poti, opis vozila ter cenovni razpon oziroma fiksno dolo\u010deno ceno za rezervirano storitev. Nepla\u010dana in nepotrjena rezervacija za izvajalca ni zavezujo\u010da.<\/p><p>Izvajalec ne zara\u010dunava \u010dakalne ure, razen \u010de izvajalec ni bil predhodno obve\u0161\u010den s strani uporabnika o spremembi \u010dasa odhoda. V tem primeru se \u010dakalna ura obra\u010duna po ceni tarife, ki je navedena v ceniku.<\/p><p>Cenik storitve je izdelan v obliki in na\u010dinu, ki omogo\u010da takoj\u0161njo razgrnitev uporabniku, z razlo\u010dno obrazlo\u017eitvijo cenovnih postavk in posledic vsakovrstnih popustov, rabatov in dodatkov. \u010cakalna ura je sestavni del cenika.\u00a0<\/p><p><strong>\u00a0<\/strong><\/p><ol start=\"4\"><li><strong> VO\u017dNJA<\/strong><\/li><\/ol><p>Za\u010detek vo\u017enje je definiran s trenutkom, ko uporabnik in izvajalec skleneta ustno pogodbo o storitvi, uporabnik zasede svoje mesto v vozilu in ko voznik fizi\u010dno za\u010dne s premikom vozila v smeri naro\u010dene destinacije. Prekinitev vo\u017enje med za\u010detno odrivno to\u010dko in kon\u010dno destinacijo, pri \u010demer vozilo zapustijo vsi potniki lahko posamezno traja do 15 min (petnajst minut) na kraj\u0161ih poteh do 200 km (dvesto kilometrov) ter 30 min (trideset minut ) na dalj\u0161ih poteh. Za postanke, ki bi trajali dlje, se voznik vsakokratno dogovori s potniki, pri \u010demer je potrebno soglasje vseh. Konec vo\u017enje nastopi takrat, ko na kon\u010dni destinacijski to\u010dki vozilo zapustijo vsi potniki. Voznik vozilo umakne takoj.<\/p><p>V vozilu je prepovedano kajenje. Prav tako ni dovoljeno vna\u0161anje in preva\u017eanje nevarnih snovi in predmetov, kot so radioaktivne snovi, eksplozivi, vnetljive teko\u010dine, plinske jeklenke z butanom ali propanom, oro\u017eja, no\u017eev, strupov, korozivne snovi, kisline, magneti, infekcijske snovi, viruse, bakterije, droge ali katerekoli druge prepovedane nevarne snovi.<\/p><ol start=\"5\"><li><strong> ODGOVORNOST IN POVRA\u010cILO \u0160KODE<\/strong><\/li><\/ol><p>a. <strong>Prekinitev prevoza<\/strong><br \/>\u010ce je prevoz prekinjen zaradi vzrokov, za katere potnik ne odgovarja, ima potnik pravico:<br \/>1. zahtevati, da ga prevoznik s svojim ali drugim primernim prevoznim sredstvom pripelje do namembnega kraja;<br \/>2. zahtevati, da ga prevoznik skupaj s prtljago v primernem roku prepelje v odhodni kraj in mu vrne prevoznino;<br \/>3. odstopiti od pogodbe in zahtevati od prevoznika vrnitev prevoznine.<\/p><p>b. <strong>Subjektivna odgovornost prevoznika za druge \u0161kode<\/strong><br \/>Za \u0161kodo, ki nastane zaradi zamude ali prekinitve potovanja, prevoznik ne odgovarja, \u010de doka\u017ee, da je \u0161koda nastala brez njegove krivde.<\/p><p>c. <strong>Omejitev vi\u0161ine \u0161kode<\/strong><br \/>1. V zvezi z istim \u0161kodnim dogodkom zaradi smrti, okvare zdravja ali po\u0161kodbe potnika, prevoznik ni dol\u017ean pla\u010dati ve\u010d kot 83.333 SDR za posameznega potnika.<\/p><p>2.Za \u0161kodo, ki nastane zaradi zamude oziroma prekinitve potovanja, je prevoznik odgovoren do zneska dvojne prevoznine.<\/p><p>3.Prevoznik izgubi pravico do omejitve vi\u0161ine od\u0161kodnine iz prvega in drugega odstavek tega \u010dlena, \u010de se doka\u017ee, da je \u0161kodo povzro\u010dil namenoma ali zaradi hude malomarnosti.<\/p><p>4. S pogodbo o prevozu potnikov se stranki lahko dogovorita za vi\u0161ji znesek od\u0161kodnine.<\/p><p>d.<strong> Opredelitev odgovornosti<\/strong> <br \/>1. Prevoznik odgovarja za \u0161kodo zaradi potnikove smrti, okvare zdravja in po\u0161kodbe (osebne \u0161kode), kakor tudi za zamudo ali prekinitev prevoza (druge \u0161kode).<\/p><p>2. \u010ce \u0161kodo iz prej\u0161njega odstavka povzro\u010di izpolnitveni pomo\u010dnik, jo je potniku dol\u017ean povrniti prevoznik.<\/p><p>e. <strong>Obseg odgovornosti za osebne \u0161kode<\/strong><br \/>Za \u0161kodo zaradi smrti, okvare zdravja ali po\u0161kodbe potnika odgovarja prevoznik, \u010de \u0161koda nastane med vstopanjem ali izstopanjem potnika, ko je potnik v vozilu ali med prevozom.<\/p><p>f. <strong>Objektivna odgovornost prevoznika za osebne \u0161kode<\/strong><br \/>Prevoznik je odgovoren za \u0161kodo, ki nastane zaradi smrti, okvare zdravja ali po\u0161kodbe potnika, razen \u010de doka\u017ee, da je bila \u0161koda povzro\u010dena z dejanjem potnika ali iz zunanjega vzroka, ki ga ni bilo mogo\u010de pri\u010dakovati, se mu izogniti ali ga odvrniti (vi\u0161ja sila).<\/p><ol start=\"6\"><li><strong> DODATNE DOL\u017dNOSTI VOZNIKA<\/strong><\/li><\/ol><p>Dodatne dol\u017enosti voznika vozila nalagajo obveznost ravnanja v smislu dobrega gospodarja, tako v odnosu do vozila kot do potnikov. V primeru potencialno nevarnega vedenja potnikov pri \u010demer s tem ravnanjem lahko sebi in drugim povzro\u010dijo telesne po\u0161kodbe, je voznik obvezen zaustaviti vo\u017enjo, ter pred nadaljevanjem vo\u017enje zavarovati varnost ostalih potnikov in vozila.<\/p><ol start=\"7\"><li><strong> POPUSTI<\/strong><\/li><\/ol><p>Popuste in akcijsko ponudbo dolo\u010da vodstvo dru\u017ebe ter le te razlo\u010dno navede v ceniku ponudbe.<\/p><ol start=\"8\"><li><strong><b>ODSTOP OD POGODBE <\/b><\/strong><\/li><\/ol><p>1.Potnik ima pravico odstopiti od pogodbe pred za\u010detkom njenega izpolnjevanja.<\/p><p>2.\u010ce potnik odstopi od pogodbe vsaj eno uro pred odhodom v doma\u010dem prometu, oziroma vsaj \u0161tiri ure v mednarodnem prometu, mu je prevoznik dol\u017ean vrniti prevoznino, pri \u010demer sme obdr\u017eati najve\u010d deset odstotkov.<\/p><p>3.Dolo\u010dba iz prej\u0161njega odstavka je sestavni del prevoznih pogojev in je ni dopustno spreminjati v \u0161kodo potnika.<\/p><ol start=\"9\"><li><strong><b>ODSTOP OD POGODBE ZARADI ZAMUDE PREVOZNIKA<\/b><\/strong><\/li><\/ol><p>\u010ce se prevoz ne za\u010dne ob \u010dasu, ki je dolo\u010den v pogodbi ali voznem redu prevoznika, lahko potnik oziroma naro\u010dnik prevoza odstopi od pogodbe in zahteva vrnitev prevoznine.<\/p><ol start=\"10\"><li><b>IZVENSODNO RE\u0160EVANJE POTRO\u0160NI\u0160KIH SPOROV<\/b><\/li><\/ol><p>Podjetje Veni vidi vici d.o.o. priznava izvajalca IRPS – <b>Dru\u0161tvo mediatorjev Slovenije<\/b>, z elektronskim po\u0161tnim naslovom <a href=\"mailto:drustvo.mediatorjevslo@siol.net\"><b>drustvo.mediatorjevslo@siol.net<\/b><\/a> in <b>telefonsko \u0161tevilko 031 591 744<\/b> za izvensodno poravnavo kot pristojnega za re\u0161evanje spora, ki ga potro\u0161nik lahko spro\u017ei v skladu s tem zakonom.<\/p><p>Kadar se potro\u0161nik s prito\u017ebo obrne neposredno na ponudnika in prito\u017ebi ni ugodeno z notranjimi postopki ponudnika za re\u0161evanje prito\u017eb, mu ponudnik po\u0161lje informacijo iz prej\u0161njega odstavka na trajnem nosilcu podatkov skupaj z razlogi za zavrnitev prito\u017ebe.<\/p><p><strong>VAROVANJE OSEBNIH PODATKOV<\/strong><\/p><p>Nikoli ne bomo zlorabljali va\u0161ih osebnih podatkov na kakr\u0161en koli na\u010din. Va\u0161ih kontaktnih in osebnih podatkov ne bomo nikoli posredovali tretji stranki, razen \u010de tako zahteva zakon.<\/p><p>Varovanje osebnih podatkov na\u0161ih uporabnikov je pomembna skrb na\u0161ega podjetja. Vse spletne aktivnosti na spletni strani <a href=\"https:\/\/easywithus.si\/en\/\"><strong>www.easywithus.si<\/strong><\/a> so v skladu z Evropsko zakonodajo in zakonom o varovanju osebnih podatkov. Osebni podatek je informacija, ki vas identificira: va\u0161e ime, priimek, elektronski ali navadni naslov. Izvajalec ne zbira va\u0161ih osebnih podatkov razen, ob naro\u010dilu, povpra\u0161evanju in izvajanju po na\u0161ih storitev. Izvajalec bo uporabil va\u0161e osebne podatke izklju\u010dno zaradi tehni\u010dnih razlogov administracije svojih storitev, ali za splo\u0161no komuniciranje z vami in za splo\u0161no organizacijo transferja. Izvajalec ne bo posredoval va\u0161ih osebnih podatkov tretji stranki ali jih kakorkoli tr\u017eil drugje. Informacije, ki jih o sebi posredujete izvajalcu nadzorujete vi. \u010ce se odlo\u010dite, da va\u0161ih podatkov ne boste posredovali izvajalcu, potem nimate dostopa do na\u0161ih storitev preko spletnih mest. \u010ce se spremenijo va\u0161i osebni podatki (po\u0161tna \u0161tevilka, e-naslov, fizi\u010dni naslov, telefonska \u0161tevilka) vas prosimo, da nas o spremembah obvestite na na\u0161 elektronski naslov <strong>info@easywithus.si.<\/strong><\/p><p>Podjetje Veni vidi vici d.o.o., si mo\u010dno prizadeva za zagotovitev varnosti osebnih podatkov. Va\u0161i podatki so ves \u010das za\u0161\u010diteni pred izgubo, uni\u010denjem, ponarejanjem, kopiranjem, manipuliranjem in neavtoriziranim dostopom ali neavtoriziranim odkritjem. \u010ce imate kakr\u0161na koli vpra\u0161anja v zvezi z na\u0161o politiko varovanja osebnih podatkov ali kako so va\u0161i osebni podatki obravnavani, se lahko brez zadr\u017ekov obrnete na na\u0161o ekipo ter nam pi\u0161ete na zgoraj navedene kontaktne podatke.<\/p><p>Splo\u0161ni pogoji prevoza oseb veljajo od 01.09.2019.<\/p><p><strong>Veni vidi vici d.o.o.<\/strong><\/p>\t\t\t\t\t\t\t\t<\/div>\n\t\t\t\t<\/div>\n\t\t\t\t\t<\/div>\n\t\t\t\t<\/div>\n\t\t\t\t<\/div>","protected":false},"excerpt":{"rendered":"<p>SPLO\u0160NI POGOJIZA PREVOZ OSEB \u00a0 Izvajalec storitev je podjetja \u00a0Veni vidi vici d.o.o. s sede\u017eem na \u0160tihova ulica 13, 1000 Ljubljana (v nadaljevanju besedila kot izvajalec). UVODNA DOLO\u010cILA Izvajalec izvaja storitve z vozili po veljavnih predpisih, ki urejajo podro\u010dje storitev. Skladno s tem izda splo\u0161ne pogoje storitev, ki so temelj sleherne storitve. Izvajalec ne opravlja [&hellip;]<\/p>","protected":false},"author":1,"featured_media":0,"parent":0,"menu_order":0,"comment_status":"closed","ping_status":"closed","template":"","meta":{"footnotes":""},"class_list":["post-92782","page","type-page","status-publish","hentry"],"aioseo_notices":[],"_links":{"self":[{"href":"https:\/\/easywithus.si\/en\/wp-json\/wp\/v2\/pages\/92782","targetHints":{"allow":["GET"]}}],"collection":[{"href":"https:\/\/easywithus.si\/en\/wp-json\/wp\/v2\/pages"}],"about":[{"href":"https:\/\/easywithus.si\/en\/wp-json\/wp\/v2\/types\/page"}],"author":[{"embeddable":true,"href":"https:\/\/easywithus.si\/en\/wp-json\/wp\/v2\/users\/1"}],"replies":[{"embeddable":true,"href":"https:\/\/easywithus.si\/en\/wp-json\/wp\/v2\/comments?post=92782"}],"version-history":[{"count":21,"href":"https:\/\/easywithus.si\/en\/wp-json\/wp\/v2\/pages\/92782\/revisions"}],"predecessor-version":[{"id":93035,"href":"https:\/\/easywithus.si\/en\/wp-json\/wp\/v2\/pages\/92782\/revisions\/93035"}],"wp:attachment":[{"href":"https:\/\/easywithus.si\/en\/wp-json\/wp\/v2\/media?parent=92782"}],"curies":[{"name":"wp","href":"https:\/\/api.w.org\/{rel}","templated":true}]}}